{"id":14,"date":"2020-04-28T09:25:42","date_gmt":"2020-04-28T09:25:42","guid":{"rendered":"http:\/\/hv.thw-gg.de\/?page_id=14"},"modified":"2025-11-24T08:56:49","modified_gmt":"2025-11-24T08:56:49","slug":"spenden-und-sponsoren","status":"publish","type":"page","link":"https:\/\/www.thw-hv-gg.de\/?page_id=14","title":{"rendered":"Spenden und Sponsoren"},"content":{"rendered":"<h2>Spenden<\/h2>\n<p>Sie m\u00f6chten die Arbeit des THW Ortsverbandes Gro\u00df-Gerau oder der THW Jugend Gro\u00df-Gerau unterst\u00fctzen, k\u00f6nnen aber nicht am aktiven THW-Dienst teilnehmen?<\/p>\n<p>Wir freuen uns \u00fcber ihre Spende. Auch Sach- und zweckgebundene Geldspenden nehmen wir sehr gerne entgegen.<\/p>\n<p>Bei Interesse oder R\u00fcckfragen wenden Sie sich bitte an den <a href=\"https:\/\/www.thw-gg.de\/helferverein\/kontakt\/\">Vorstand<\/a>.<\/p>\n<h2>Spenden- und Beitragskonto<\/h2>\n<table summary=\"\">\n<tbody>\n<tr>\n<td>Empf\u00e4nger:<\/td>\n<td>THW-Helfervereinigung Gro\u00df-Gerau <abbr title=\"eingetragener Verein\">e.V.<\/abbr><\/td>\n<\/tr>\n<tr>\n<td>Bank:<\/td>\n<td>Kreissparkasse Gro\u00df-Gerau<\/td>\n<\/tr>\n<tr>\n<td>IBAN:<\/td>\n<td>DE24 5085 2553 0000 1994 48<\/td>\n<\/tr>\n<tr>\n<td>BIC:<\/td>\n<td>HELADEF1GRG<\/td>\n<\/tr>\n<\/tbody>\n<\/table>\n<table summary=\"\">\n<tbody>\n<tr>\n<td>Empf\u00e4nger:<\/td>\n<td>THW-Helfervereinigung Gro\u00df-Gerau <abbr title=\"eingetragener Verein\">e.V.<\/abbr><\/td>\n<\/tr>\n<tr>\n<td>Bank:<\/td>\n<td>Volksbank Darmstadt Mainz eG<\/td>\n<\/tr>\n<tr>\n<td>IBAN:<\/td>\n<td>DE58 5519 0000 0020 7490 16<\/td>\n<\/tr>\n<tr>\n<td>BIC:<\/td>\n<td>MVBMDE55<\/td>\n<\/tr>\n<\/tbody>\n<\/table>\n<p>Die THW-Helfervereinigung Gro\u00df-Gerau <abbr title=\"eingetragener Verein\">e.V.<\/abbr> ist als gemeinn\u00fctzig anerkannt und stellt Ihnen deshalb auf Wunsch bei einer Spende auch eine Zuwendungsbescheinigung aus.<\/p>\n<p>Bitte geben Sie deshalb Ihre Adresse im Feld &#8222;Verwendungszweck&#8220; des \u00dcberweisungstr\u00e4gers an oder schreiben Sie uns eine Email, Sie erhalten dann umgehend eine Spendenbescheinigung von uns zugesandt!<\/p>\n<p><strong>Unser Spendenkonto bei PayPal<\/strong><\/p>\n<p><a href=\"https:\/\/www.paypal.com\/DE\/fundraiser\/charity\/4665209\" target=\"_blank\" rel=\"noopener\">PayPal-Spendenkonto (Link)<\/a><\/p>\n<form action=\"https:\/\/www.paypal.com\/donate\" method=\"post\" target=\"_top\">\n<input type=\"hidden\" name=\"hosted_button_id\" value=\"3RWWRHYGGBUJE\" \/><br \/>\n<input type=\"image\" src=\"https:\/\/www.paypalobjects.com\/de_DE\/DE\/i\/btn\/btn_donateCC_LG.gif\" border=\"0\" name=\"submit\" title=\"PayPal - The safer, easier way to pay online!\" alt=\"Spenden mit dem PayPal-Button\" \/><br \/>\n<img decoding=\"async\" alt=\"\" border=\"0\" src=\"https:\/\/www.paypal.com\/de_DE\/i\/scr\/pixel.gif\" width=\"1\" height=\"1\" \/><br \/>\n<\/form>\n<p><img fetchpriority=\"high\" decoding=\"async\" class=\"alignnone wp-image-252 size-medium\" src=\"http:\/\/www.thw-hv-gg.de\/wp-content\/uploads\/2022\/09\/qr-code_spende-300x300.png\" alt=\"\" width=\"300\" height=\"300\" srcset=\"https:\/\/www.thw-hv-gg.de\/wp-content\/uploads\/2022\/09\/qr-code_spende-300x300.png 300w, https:\/\/www.thw-hv-gg.de\/wp-content\/uploads\/2022\/09\/qr-code_spende-1024x1024.png 1024w, https:\/\/www.thw-hv-gg.de\/wp-content\/uploads\/2022\/09\/qr-code_spende-150x150.png 150w, https:\/\/www.thw-hv-gg.de\/wp-content\/uploads\/2022\/09\/qr-code_spende-768x768.png 768w, https:\/\/www.thw-hv-gg.de\/wp-content\/uploads\/2022\/09\/qr-code_spende.png 1125w\" sizes=\"(max-width: 300px) 100vw, 300px\" \/><\/p>\n<h2>Vielen Dank an unsere Unterst\u00fctzer &amp; Sponsoren<\/h2>\n<p>Wenn Sie das Logo anklicken, gelangen Sie auf die Homepage unseres jeweiligen Unterst\u00fctzers oder Sponsors.<\/p>\n<p><a href=\"http:\/\/www.kreisgg.de\/leben-im-kreis-gg\/\" target=\"_blank\" rel=\"noopener\"><img decoding=\"async\" class=\"aligncenter\" src=\"https:\/\/www.thw-gg.de\/fileadmin\/_processed_\/0\/b\/csm_Kreis-GG_fc13f97d4e.jpg\" alt=\"\" width=\"200\" height=\"141\" \/><\/a><\/p>\n<figure><\/figure>\n<figure><a href=\"https:\/\/www.kskgrossgerau.de\/module\/sparkassen_stiftung_gross_gerau\/foerderleitlinien\/index.php?n=%2Fmodule%2Fihre_sparkasse%2Fsparkassen_stiftung_gross_gerau%2Ffoerderleitlinien%2F\" target=\"_blank\" rel=\"noopener\"><img loading=\"lazy\" decoding=\"async\" class=\"aligncenter\" src=\"https:\/\/www.thw-gg.de\/fileadmin\/_processed_\/5\/6\/csm_Logo_Stiftung_Sparkasse_36a95fc5ae.jpg\" alt=\"\" width=\"200\" height=\"51\" \/><\/a><\/figure>\n<p><a href=\"https:\/\/www.volksbanking.de\/\"><img loading=\"lazy\" decoding=\"async\" class=\"size-medium wp-image-310 aligncenter\" src=\"http:\/\/www.thw-hv-gg.de\/wp-content\/uploads\/2024\/02\/MVB-Volksbank-Darmstadt-Mainz-300x75.jpg\" alt=\"\" width=\"300\" height=\"75\" srcset=\"https:\/\/www.thw-hv-gg.de\/wp-content\/uploads\/2024\/02\/MVB-Volksbank-Darmstadt-Mainz-300x75.jpg 300w, https:\/\/www.thw-hv-gg.de\/wp-content\/uploads\/2024\/02\/MVB-Volksbank-Darmstadt-Mainz-1024x256.jpg 1024w, https:\/\/www.thw-hv-gg.de\/wp-content\/uploads\/2024\/02\/MVB-Volksbank-Darmstadt-Mainz-768x192.jpg 768w, https:\/\/www.thw-hv-gg.de\/wp-content\/uploads\/2024\/02\/MVB-Volksbank-Darmstadt-Mainz.jpg 1134w\" sizes=\"(max-width: 300px) 100vw, 300px\" \/><\/a><a href=\"https:\/\/easyverein.com\/\"><img loading=\"lazy\" decoding=\"async\" class=\"aligncenter wp-image-337\" src=\"http:\/\/www.thw-hv-gg.de\/wp-content\/uploads\/2024\/04\/eV-neues-logo-hochformat-quadratisch.png\" alt=\"\" width=\"300\" height=\"81\" srcset=\"https:\/\/www.thw-hv-gg.de\/wp-content\/uploads\/2024\/04\/eV-neues-logo-hochformat-quadratisch.png 938w, https:\/\/www.thw-hv-gg.de\/wp-content\/uploads\/2024\/04\/eV-neues-logo-hochformat-quadratisch-300x81.png 300w, https:\/\/www.thw-hv-gg.de\/wp-content\/uploads\/2024\/04\/eV-neues-logo-hochformat-quadratisch-768x207.png 768w\" sizes=\"(max-width: 300px) 100vw, 300px\" \/><\/a><\/p>\n<figure><\/figure>\n<figure><a href=\"http:\/\/www.uewg.de\/\" target=\"_blank\" rel=\"noopener\"><img loading=\"lazy\" decoding=\"async\" class=\"aligncenter\" src=\"https:\/\/www.thw-gg.de\/fileadmin\/_processed_\/4\/a\/csm_Loko_UEWG_01_c65d7d4be2.jpg\" alt=\"\" width=\"200\" height=\"101\" \/><\/a><\/figure>\n<figure><\/figure>\n<p><a href=\"https:\/\/smc-bauma.de\/\"><img loading=\"lazy\" decoding=\"async\" class=\"aligncenter wp-image-272\" src=\"http:\/\/www.thw-hv-gg.de\/wp-content\/uploads\/2023\/02\/SMC-300x75.jpg\" alt=\"\" width=\"200\" height=\"50\" \/><\/a><\/p>\n<figure><\/figure>\n","protected":false},"excerpt":{"rendered":"<p>Spenden Sie m\u00f6chten die Arbeit des THW Ortsverbandes Gro\u00df-Gerau oder der THW Jugend Gro\u00df-Gerau unterst\u00fctzen, k\u00f6nnen aber nicht am aktiven<\/p>\n","protected":false},"author":1,"featured_media":0,"parent":0,"menu_order":0,"comment_status":"closed","ping_status":"closed","template":"","meta":{"footnotes":""},"class_list":["post-14","page","type-page","status-publish","hentry"],"_links":{"self":[{"href":"https:\/\/www.thw-hv-gg.de\/index.php?rest_route=\/wp\/v2\/pages\/14","targetHints":{"allow":["GET"]}}],"collection":[{"href":"https:\/\/www.thw-hv-gg.de\/index.php?rest_route=\/wp\/v2\/pages"}],"about":[{"href":"https:\/\/www.thw-hv-gg.de\/index.php?rest_route=\/wp\/v2\/types\/page"}],"author":[{"embeddable":true,"href":"https:\/\/www.thw-hv-gg.de\/index.php?rest_route=\/wp\/v2\/users\/1"}],"replies":[{"embeddable":true,"href":"https:\/\/www.thw-hv-gg.de\/index.php?rest_route=%2Fwp%2Fv2%2Fcomments&post=14"}],"version-history":[{"count":32,"href":"https:\/\/www.thw-hv-gg.de\/index.php?rest_route=\/wp\/v2\/pages\/14\/revisions"}],"predecessor-version":[{"id":389,"href":"https:\/\/www.thw-hv-gg.de\/index.php?rest_route=\/wp\/v2\/pages\/14\/revisions\/389"}],"wp:attachment":[{"href":"https:\/\/www.thw-hv-gg.de\/index.php?rest_route=%2Fwp%2Fv2%2Fmedia&parent=14"}],"curies":[{"name":"wp","href":"https:\/\/api.w.org\/{rel}","templated":true}]}}