{"id":15,"date":"2020-04-28T09:25:42","date_gmt":"2020-04-28T09:25:42","guid":{"rendered":"http:\/\/hv.thw-gg.de\/?page_id=15"},"modified":"2024-06-26T06:16:06","modified_gmt":"2024-06-26T06:16:06","slug":"downloads","status":"publish","type":"page","link":"https:\/\/www.thw-hv-gg.de\/?page_id=15","title":{"rendered":"Mitgliedschaft &#038; Downloads"},"content":{"rendered":"\n<h2 class=\"wp-block-heading has-medium-font-size\">Du m\u00f6chtest direkt Mitglied werden?<\/h2>\n\n\n\n<p><strong><a href=\"https:\/\/easyverein.com\/public\/THWHVGG\/applicationform\/9110\" target=\"_blank\" rel=\"noreferrer noopener\"><em><mark style=\"background-color:rgba(0, 0, 0, 0)\" class=\"has-inline-color has-vivid-cyan-blue-color\">Hier<\/mark><\/em><\/a><\/strong> k\u00f6nnen Sie einfach unser Online-Beitrittsformular verwenden.<abbr title=\"eingetragener Verein\"><br><\/abbr>Alternativ laden Sie die Beitrittserkl\u00e4rung ganz einfach <a href=\"https:\/\/easyverein.com\/public\/THWHVGG\/applicationform\/9949\" target=\"_blank\" rel=\"noreferrer noopener\"><strong><em><mark style=\"background-color:rgba(0, 0, 0, 0)\" class=\"has-inline-color has-vivid-cyan-blue-color\">hier<\/mark><\/em><\/strong><\/a><mark style=\"background-color:rgba(0, 0, 0, 0)\" class=\"has-inline-color has-vivid-cyan-blue-color\"> <\/mark>hoch oder verwenden die unten genannten weiteren M\u00f6glichkeiten.<\/p>\n\n\n\n<p><\/p>\n\n\n\n<p>Bitte senden Sie die ausgef\u00fcllte Beitrittserkl\u00e4rung per Email, Fax oder Post an:<\/p>\n\n\n\n<p><strong>Email:<\/strong> kontakt@thw-hv-gg.de<\/p>\n\n\n\n<p><strong>Fax:<\/strong> +49 (0)6152 71266-18<\/p>\n\n\n\n<p><strong>Post:<\/strong><br>THW-Helfervereinigung Gro\u00df-Gerau <abbr title=\"eingetragener Verein\">e.V.<br><\/abbr>Neuwiesenweg 5<br>64521 Gro\u00df-Gerau<\/p>\n\n\n\n<p>Gerne k\u00f6nnen Sie auch dienstags (19-22 Uhr) einfach vorbeikommen und die Beitrittserkl\u00e4rung pers\u00f6nlich abgeben.<\/p>\n\n\n\n<h5 class=\"wp-block-heading\" id=\"dokumentendownload-thw-helfervereinigung-gross-gerau-e-v\">Dokumentendownload THW-Helfervereinigung Gro\u00df-Gerau e. V.<\/h5>\n\n\n\n<ul class=\"wp-block-list\">\n<li><a href=\"http:\/\/www.thw-hv-gg.de\/wp-content\/uploads\/2022\/09\/Satzung_THW-Helfervereinigung-Gross-Gerau_Stand-20.10.2021.pdf\">Satzung THW-Helfervereinigung Gro\u00df-Gerau<br><\/a><\/li>\n\n\n\n<li><a href=\"http:\/\/www.thw-hv-gg.de\/wp-content\/uploads\/2023\/04\/Beitrittserklaerung_A4_2023.pdf\" target=\"_blank\" rel=\"noreferrer noopener\">Beitrittserkl\u00e4rung (PDF)<br><\/a><\/li>\n\n\n\n<li><a href=\"http:\/\/hv.thw-gg.de\/wp-content\/uploads\/2020\/04\/Jugendordnung_2014.pdf\" target=\"_blank\" rel=\"noopener noreferrer\">Jugendordnung<br><\/a><\/li>\n<\/ul>\n","protected":false},"excerpt":{"rendered":"<p>Du m\u00f6chtest direkt Mitglied werden? Hier k\u00f6nnen Sie einfach unser Online-Beitrittsformular verwenden.Alternativ laden Sie die Beitrittserkl\u00e4rung ganz einfach hier hoch<\/p>\n","protected":false},"author":3,"featured_media":0,"parent":0,"menu_order":0,"comment_status":"closed","ping_status":"closed","template":"","meta":{"footnotes":""},"class_list":["post-15","page","type-page","status-publish","hentry"],"_links":{"self":[{"href":"https:\/\/www.thw-hv-gg.de\/index.php?rest_route=\/wp\/v2\/pages\/15","targetHints":{"allow":["GET"]}}],"collection":[{"href":"https:\/\/www.thw-hv-gg.de\/index.php?rest_route=\/wp\/v2\/pages"}],"about":[{"href":"https:\/\/www.thw-hv-gg.de\/index.php?rest_route=\/wp\/v2\/types\/page"}],"author":[{"embeddable":true,"href":"https:\/\/www.thw-hv-gg.de\/index.php?rest_route=\/wp\/v2\/users\/3"}],"replies":[{"embeddable":true,"href":"https:\/\/www.thw-hv-gg.de\/index.php?rest_route=%2Fwp%2Fv2%2Fcomments&post=15"}],"version-history":[{"count":43,"href":"https:\/\/www.thw-hv-gg.de\/index.php?rest_route=\/wp\/v2\/pages\/15\/revisions"}],"predecessor-version":[{"id":374,"href":"https:\/\/www.thw-hv-gg.de\/index.php?rest_route=\/wp\/v2\/pages\/15\/revisions\/374"}],"wp:attachment":[{"href":"https:\/\/www.thw-hv-gg.de\/index.php?rest_route=%2Fwp%2Fv2%2Fmedia&parent=15"}],"curies":[{"name":"wp","href":"https:\/\/api.w.org\/{rel}","templated":true}]}}