{"id":18,"date":"2020-04-28T09:25:42","date_gmt":"2020-04-28T09:25:42","guid":{"rendered":"http:\/\/hv.thw-gg.de\/?page_id=18"},"modified":"2024-04-11T07:50:09","modified_gmt":"2024-04-11T07:50:09","slug":"was-haben-wir-erreicht","status":"publish","type":"page","link":"https:\/\/www.thw-hv-gg.de\/?page_id=18","title":{"rendered":"Was haben wir erreicht"},"content":{"rendered":"<h6>Kontaminations-\/AGT-Wechselkleidung<\/h6>\n<h6><img fetchpriority=\"high\" decoding=\"async\" class=\"alignnone size-medium wp-image-195\" src=\"http:\/\/www.thw-hv-gg.de\/wp-content\/uploads\/2022\/02\/Bild-folgt-300x300.jpg\" alt=\"\" width=\"300\" height=\"300\" srcset=\"https:\/\/www.thw-hv-gg.de\/wp-content\/uploads\/2022\/02\/Bild-folgt-300x300.jpg 300w, https:\/\/www.thw-hv-gg.de\/wp-content\/uploads\/2022\/02\/Bild-folgt-1024x1024.jpg 1024w, https:\/\/www.thw-hv-gg.de\/wp-content\/uploads\/2022\/02\/Bild-folgt-150x150.jpg 150w, https:\/\/www.thw-hv-gg.de\/wp-content\/uploads\/2022\/02\/Bild-folgt-768x768.jpg 768w, https:\/\/www.thw-hv-gg.de\/wp-content\/uploads\/2022\/02\/Bild-folgt.jpg 1500w\" sizes=\"(max-width: 300px) 100vw, 300px\" \/><\/h6>\n<h6><\/h6>\n<h6>Abroll-Wechselbr\u00fccke<\/h6>\n<h6><img fetchpriority=\"high\" decoding=\"async\" class=\"alignnone size-medium wp-image-195\" src=\"http:\/\/www.thw-hv-gg.de\/wp-content\/uploads\/2022\/02\/Bild-folgt-300x300.jpg\" alt=\"\" width=\"300\" height=\"300\" srcset=\"https:\/\/www.thw-hv-gg.de\/wp-content\/uploads\/2022\/02\/Bild-folgt-300x300.jpg 300w, https:\/\/www.thw-hv-gg.de\/wp-content\/uploads\/2022\/02\/Bild-folgt-1024x1024.jpg 1024w, https:\/\/www.thw-hv-gg.de\/wp-content\/uploads\/2022\/02\/Bild-folgt-150x150.jpg 150w, https:\/\/www.thw-hv-gg.de\/wp-content\/uploads\/2022\/02\/Bild-folgt-768x768.jpg 768w, https:\/\/www.thw-hv-gg.de\/wp-content\/uploads\/2022\/02\/Bild-folgt.jpg 1500w\" sizes=\"(max-width: 300px) 100vw, 300px\" \/><\/h6>\n<h6><\/h6>\n<h6>Lichtmast-Anh\u00e4nger (Lima)<\/h6>\n<h6><img decoding=\"async\" class=\"alignnone size-large wp-image-216\" src=\"http:\/\/www.thw-hv-gg.de\/wp-content\/uploads\/2022\/02\/IMG_20210304_172658_209-819x1024.jpg\" alt=\"\" width=\"800\" height=\"1000\" srcset=\"https:\/\/www.thw-hv-gg.de\/wp-content\/uploads\/2022\/02\/IMG_20210304_172658_209-819x1024.jpg 819w, https:\/\/www.thw-hv-gg.de\/wp-content\/uploads\/2022\/02\/IMG_20210304_172658_209-240x300.jpg 240w, https:\/\/www.thw-hv-gg.de\/wp-content\/uploads\/2022\/02\/IMG_20210304_172658_209-768x960.jpg 768w, https:\/\/www.thw-hv-gg.de\/wp-content\/uploads\/2022\/02\/IMG_20210304_172658_209-1229x1536.jpg 1229w, https:\/\/www.thw-hv-gg.de\/wp-content\/uploads\/2022\/02\/IMG_20210304_172658_209.jpg 1440w\" sizes=\"(max-width: 800px) 100vw, 800px\" \/><\/h6>\n<h6><\/h6>\n<h6>Gabelstapler<\/h6>\n<h6><img decoding=\"async\" class=\"alignnone wp-image-169 size-large\" src=\"http:\/\/www.thw-hv-gg.de\/wp-content\/uploads\/2022\/02\/Stapler-1024x762.jpg\" alt=\"\" width=\"800\" height=\"595\" srcset=\"https:\/\/www.thw-hv-gg.de\/wp-content\/uploads\/2022\/02\/Stapler-1024x762.jpg 1024w, https:\/\/www.thw-hv-gg.de\/wp-content\/uploads\/2022\/02\/Stapler-300x223.jpg 300w, https:\/\/www.thw-hv-gg.de\/wp-content\/uploads\/2022\/02\/Stapler-768x572.jpg 768w, https:\/\/www.thw-hv-gg.de\/wp-content\/uploads\/2022\/02\/Stapler.jpg 1318w\" sizes=\"(max-width: 800px) 100vw, 800px\" \/><\/h6>\n<h6><\/h6>\n<h6>Rollcontainer Beleuchtung Fachgruppe Notversorgung &amp; Notinstantsetzung<\/h6>\n<h6><img loading=\"lazy\" decoding=\"async\" class=\"alignnone size-large wp-image-172\" src=\"http:\/\/www.thw-hv-gg.de\/wp-content\/uploads\/2022\/02\/Bild2-1024x1024.jpg\" alt=\"\" width=\"800\" height=\"800\" srcset=\"https:\/\/www.thw-hv-gg.de\/wp-content\/uploads\/2022\/02\/Bild2-1024x1024.jpg 1024w, https:\/\/www.thw-hv-gg.de\/wp-content\/uploads\/2022\/02\/Bild2-300x300.jpg 300w, https:\/\/www.thw-hv-gg.de\/wp-content\/uploads\/2022\/02\/Bild2-150x150.jpg 150w, https:\/\/www.thw-hv-gg.de\/wp-content\/uploads\/2022\/02\/Bild2-768x768.jpg 768w, https:\/\/www.thw-hv-gg.de\/wp-content\/uploads\/2022\/02\/Bild2-1536x1536.jpg 1536w, https:\/\/www.thw-hv-gg.de\/wp-content\/uploads\/2022\/02\/Bild2-2048x2048.jpg 2048w\" sizes=\"(max-width: 800px) 100vw, 800px\" \/><\/h6>\n<h6><\/h6>\n<h6>Ger\u00e4tekiste f\u00fcr Fachgruppe R\u00e4umen<\/h6>\n<h6><img fetchpriority=\"high\" decoding=\"async\" class=\"alignnone size-medium wp-image-195\" src=\"http:\/\/www.thw-hv-gg.de\/wp-content\/uploads\/2022\/02\/Bild-folgt-300x300.jpg\" alt=\"\" width=\"300\" height=\"300\" srcset=\"https:\/\/www.thw-hv-gg.de\/wp-content\/uploads\/2022\/02\/Bild-folgt-300x300.jpg 300w, https:\/\/www.thw-hv-gg.de\/wp-content\/uploads\/2022\/02\/Bild-folgt-1024x1024.jpg 1024w, https:\/\/www.thw-hv-gg.de\/wp-content\/uploads\/2022\/02\/Bild-folgt-150x150.jpg 150w, https:\/\/www.thw-hv-gg.de\/wp-content\/uploads\/2022\/02\/Bild-folgt-768x768.jpg 768w, https:\/\/www.thw-hv-gg.de\/wp-content\/uploads\/2022\/02\/Bild-folgt.jpg 1500w\" sizes=\"(max-width: 300px) 100vw, 300px\" \/><\/h6>\n<h6><\/h6>\n<h6>Heizgebl\u00e4se<\/h6>\n<h6><img loading=\"lazy\" decoding=\"async\" class=\"alignnone wp-image-231 size-large\" src=\"http:\/\/www.thw-hv-gg.de\/wp-content\/uploads\/2022\/03\/PXL_20220326_105153030-1024x885.jpg\" alt=\"\" width=\"800\" height=\"691\" srcset=\"https:\/\/www.thw-hv-gg.de\/wp-content\/uploads\/2022\/03\/PXL_20220326_105153030-1024x885.jpg 1024w, https:\/\/www.thw-hv-gg.de\/wp-content\/uploads\/2022\/03\/PXL_20220326_105153030-300x259.jpg 300w, https:\/\/www.thw-hv-gg.de\/wp-content\/uploads\/2022\/03\/PXL_20220326_105153030-768x664.jpg 768w, https:\/\/www.thw-hv-gg.de\/wp-content\/uploads\/2022\/03\/PXL_20220326_105153030-1536x1327.jpg 1536w, https:\/\/www.thw-hv-gg.de\/wp-content\/uploads\/2022\/03\/PXL_20220326_105153030-2048x1770.jpg 2048w\" sizes=\"(max-width: 800px) 100vw, 800px\" \/><\/h6>\n<h6><\/h6>\n<h6>Kofferraumausbau MTW-Zugtrupp<\/h6>\n<h6><img fetchpriority=\"high\" decoding=\"async\" class=\"alignnone size-medium wp-image-195\" src=\"http:\/\/www.thw-hv-gg.de\/wp-content\/uploads\/2022\/02\/Bild-folgt-300x300.jpg\" alt=\"\" width=\"300\" height=\"300\" srcset=\"https:\/\/www.thw-hv-gg.de\/wp-content\/uploads\/2022\/02\/Bild-folgt-300x300.jpg 300w, https:\/\/www.thw-hv-gg.de\/wp-content\/uploads\/2022\/02\/Bild-folgt-1024x1024.jpg 1024w, https:\/\/www.thw-hv-gg.de\/wp-content\/uploads\/2022\/02\/Bild-folgt-150x150.jpg 150w, https:\/\/www.thw-hv-gg.de\/wp-content\/uploads\/2022\/02\/Bild-folgt-768x768.jpg 768w, https:\/\/www.thw-hv-gg.de\/wp-content\/uploads\/2022\/02\/Bild-folgt.jpg 1500w\" sizes=\"(max-width: 300px) 100vw, 300px\" \/><\/h6>\n<h6><\/h6>\n<h6>Stromerzeuger MTW-Zugtrupp<\/h6>\n<h6><img fetchpriority=\"high\" decoding=\"async\" class=\"alignnone size-medium wp-image-195\" src=\"http:\/\/www.thw-hv-gg.de\/wp-content\/uploads\/2022\/02\/Bild-folgt-300x300.jpg\" alt=\"\" width=\"300\" height=\"300\" srcset=\"https:\/\/www.thw-hv-gg.de\/wp-content\/uploads\/2022\/02\/Bild-folgt-300x300.jpg 300w, https:\/\/www.thw-hv-gg.de\/wp-content\/uploads\/2022\/02\/Bild-folgt-1024x1024.jpg 1024w, https:\/\/www.thw-hv-gg.de\/wp-content\/uploads\/2022\/02\/Bild-folgt-150x150.jpg 150w, https:\/\/www.thw-hv-gg.de\/wp-content\/uploads\/2022\/02\/Bild-folgt-768x768.jpg 768w, https:\/\/www.thw-hv-gg.de\/wp-content\/uploads\/2022\/02\/Bild-folgt.jpg 1500w\" sizes=\"(max-width: 300px) 100vw, 300px\" \/><\/h6>\n<h6><\/h6>\n<h6>OV-Patches<\/h6>\n<h6><img loading=\"lazy\" decoding=\"async\" class=\"alignnone wp-image-237 size-large\" src=\"http:\/\/www.thw-hv-gg.de\/wp-content\/uploads\/2022\/03\/PXL_20220331_152811202-1024x1017.jpg\" alt=\"\" width=\"800\" height=\"795\" srcset=\"https:\/\/www.thw-hv-gg.de\/wp-content\/uploads\/2022\/03\/PXL_20220331_152811202-1024x1017.jpg 1024w, https:\/\/www.thw-hv-gg.de\/wp-content\/uploads\/2022\/03\/PXL_20220331_152811202-300x298.jpg 300w, https:\/\/www.thw-hv-gg.de\/wp-content\/uploads\/2022\/03\/PXL_20220331_152811202-150x150.jpg 150w, https:\/\/www.thw-hv-gg.de\/wp-content\/uploads\/2022\/03\/PXL_20220331_152811202-768x762.jpg 768w, https:\/\/www.thw-hv-gg.de\/wp-content\/uploads\/2022\/03\/PXL_20220331_152811202-1536x1525.jpg 1536w, https:\/\/www.thw-hv-gg.de\/wp-content\/uploads\/2022\/03\/PXL_20220331_152811202-2048x2033.jpg 2048w\" sizes=\"(max-width: 800px) 100vw, 800px\" \/><\/h6>\n<h6><\/h6>\n<h6>Plasmaschneider<\/h6>\n<h6><img fetchpriority=\"high\" decoding=\"async\" class=\"alignnone size-medium wp-image-195\" src=\"http:\/\/www.thw-hv-gg.de\/wp-content\/uploads\/2022\/02\/Bild-folgt-300x300.jpg\" alt=\"\" width=\"300\" height=\"300\" srcset=\"https:\/\/www.thw-hv-gg.de\/wp-content\/uploads\/2022\/02\/Bild-folgt-300x300.jpg 300w, https:\/\/www.thw-hv-gg.de\/wp-content\/uploads\/2022\/02\/Bild-folgt-1024x1024.jpg 1024w, https:\/\/www.thw-hv-gg.de\/wp-content\/uploads\/2022\/02\/Bild-folgt-150x150.jpg 150w, https:\/\/www.thw-hv-gg.de\/wp-content\/uploads\/2022\/02\/Bild-folgt-768x768.jpg 768w, https:\/\/www.thw-hv-gg.de\/wp-content\/uploads\/2022\/02\/Bild-folgt.jpg 1500w\" sizes=\"(max-width: 300px) 100vw, 300px\" \/><\/h6>\n<h6><\/h6>\n<h6>Schwei\u00dfger\u00e4t<\/h6>\n<h6><img loading=\"lazy\" decoding=\"async\" class=\"alignnone wp-image-232 size-large\" src=\"http:\/\/www.thw-hv-gg.de\/wp-content\/uploads\/2022\/03\/PXL_20220326_103512217-802x1024.jpg\" alt=\"\" width=\"800\" height=\"1021\" srcset=\"https:\/\/www.thw-hv-gg.de\/wp-content\/uploads\/2022\/03\/PXL_20220326_103512217-802x1024.jpg 802w, https:\/\/www.thw-hv-gg.de\/wp-content\/uploads\/2022\/03\/PXL_20220326_103512217-235x300.jpg 235w, https:\/\/www.thw-hv-gg.de\/wp-content\/uploads\/2022\/03\/PXL_20220326_103512217-768x980.jpg 768w, https:\/\/www.thw-hv-gg.de\/wp-content\/uploads\/2022\/03\/PXL_20220326_103512217-1203x1536.jpg 1203w, https:\/\/www.thw-hv-gg.de\/wp-content\/uploads\/2022\/03\/PXL_20220326_103512217-1605x2048.jpg 1605w, https:\/\/www.thw-hv-gg.de\/wp-content\/uploads\/2022\/03\/PXL_20220326_103512217-scaled.jpg 2006w\" sizes=\"(max-width: 800px) 100vw, 800px\" \/><\/h6>\n<h6><\/h6>\n<h6>Sandstrahlmaschine<\/h6>\n<h6><img loading=\"lazy\" decoding=\"async\" class=\"alignnone wp-image-233 size-large\" src=\"http:\/\/www.thw-hv-gg.de\/wp-content\/uploads\/2022\/03\/PXL_20220326_105045517-825x1024.jpg\" alt=\"\" width=\"800\" height=\"993\" srcset=\"https:\/\/www.thw-hv-gg.de\/wp-content\/uploads\/2022\/03\/PXL_20220326_105045517-825x1024.jpg 825w, https:\/\/www.thw-hv-gg.de\/wp-content\/uploads\/2022\/03\/PXL_20220326_105045517-242x300.jpg 242w, https:\/\/www.thw-hv-gg.de\/wp-content\/uploads\/2022\/03\/PXL_20220326_105045517-768x953.jpg 768w, https:\/\/www.thw-hv-gg.de\/wp-content\/uploads\/2022\/03\/PXL_20220326_105045517-1237x1536.jpg 1237w, https:\/\/www.thw-hv-gg.de\/wp-content\/uploads\/2022\/03\/PXL_20220326_105045517-1650x2048.jpg 1650w\" sizes=\"(max-width: 800px) 100vw, 800px\" \/><\/h6>\n<h6><\/h6>\n<h6>L\u00fcfter<\/h6>\n<h6><img fetchpriority=\"high\" decoding=\"async\" class=\"alignnone size-medium wp-image-195\" src=\"http:\/\/www.thw-hv-gg.de\/wp-content\/uploads\/2022\/02\/Bild-folgt-300x300.jpg\" alt=\"\" width=\"300\" height=\"300\" srcset=\"https:\/\/www.thw-hv-gg.de\/wp-content\/uploads\/2022\/02\/Bild-folgt-300x300.jpg 300w, https:\/\/www.thw-hv-gg.de\/wp-content\/uploads\/2022\/02\/Bild-folgt-1024x1024.jpg 1024w, https:\/\/www.thw-hv-gg.de\/wp-content\/uploads\/2022\/02\/Bild-folgt-150x150.jpg 150w, https:\/\/www.thw-hv-gg.de\/wp-content\/uploads\/2022\/02\/Bild-folgt-768x768.jpg 768w, https:\/\/www.thw-hv-gg.de\/wp-content\/uploads\/2022\/02\/Bild-folgt.jpg 1500w\" sizes=\"(max-width: 300px) 100vw, 300px\" \/><\/h6>\n<h6><\/h6>\n<h6>Kastenanh\u00e4nger<\/h6>\n<h6><img fetchpriority=\"high\" decoding=\"async\" class=\"alignnone size-medium wp-image-195\" src=\"http:\/\/www.thw-hv-gg.de\/wp-content\/uploads\/2022\/02\/Bild-folgt-300x300.jpg\" alt=\"\" width=\"300\" height=\"300\" srcset=\"https:\/\/www.thw-hv-gg.de\/wp-content\/uploads\/2022\/02\/Bild-folgt-300x300.jpg 300w, https:\/\/www.thw-hv-gg.de\/wp-content\/uploads\/2022\/02\/Bild-folgt-1024x1024.jpg 1024w, https:\/\/www.thw-hv-gg.de\/wp-content\/uploads\/2022\/02\/Bild-folgt-150x150.jpg 150w, https:\/\/www.thw-hv-gg.de\/wp-content\/uploads\/2022\/02\/Bild-folgt-768x768.jpg 768w, https:\/\/www.thw-hv-gg.de\/wp-content\/uploads\/2022\/02\/Bild-folgt.jpg 1500w\" sizes=\"(max-width: 300px) 100vw, 300px\" \/><\/h6>\n<h6><\/h6>\n<h6>F\u00fchrungsmappen f\u00fcr die Gruppen<\/h6>\n<h6><img loading=\"lazy\" decoding=\"async\" class=\"alignnone size-large wp-image-219\" src=\"http:\/\/www.thw-hv-gg.de\/wp-content\/uploads\/2022\/02\/Mappe1-1024x964.jpg\" alt=\"\" width=\"800\" height=\"753\" srcset=\"https:\/\/www.thw-hv-gg.de\/wp-content\/uploads\/2022\/02\/Mappe1-1024x964.jpg 1024w, https:\/\/www.thw-hv-gg.de\/wp-content\/uploads\/2022\/02\/Mappe1-300x282.jpg 300w, https:\/\/www.thw-hv-gg.de\/wp-content\/uploads\/2022\/02\/Mappe1-768x723.jpg 768w, https:\/\/www.thw-hv-gg.de\/wp-content\/uploads\/2022\/02\/Mappe1-1536x1446.jpg 1536w, https:\/\/www.thw-hv-gg.de\/wp-content\/uploads\/2022\/02\/Mappe1.jpg 1600w\" sizes=\"(max-width: 800px) 100vw, 800px\" \/><\/h6>\n<h6><\/h6>\n<h6>Sonstiges<\/h6>\n<ul>\n<li>Viele Kleinigkeiten f\u00fcr das Wohl der Helfenden<\/li>\n<li>Materialien f\u00fcr die Jugendarbeit<\/li>\n<li>Verschiedenes zur F\u00f6rderung der \u00d6ffentlichkeitsarbeit<\/li>\n<\/ul>\n","protected":false},"excerpt":{"rendered":"<p>Kontaminations-\/AGT-Wechselkleidung Abroll-Wechselbr\u00fccke Lichtmast-Anh\u00e4nger (Lima) Gabelstapler Rollcontainer Beleuchtung Fachgruppe Notversorgung &amp; Notinstantsetzung Ger\u00e4tekiste f\u00fcr Fachgruppe R\u00e4umen Heizgebl\u00e4se Kofferraumausbau MTW-Zugtrupp Stromerzeuger MTW-Zugtrupp<\/p>\n","protected":false},"author":1,"featured_media":0,"parent":13,"menu_order":1,"comment_status":"closed","ping_status":"closed","template":"","meta":{"footnotes":""},"class_list":["post-18","page","type-page","status-publish","hentry"],"_links":{"self":[{"href":"https:\/\/www.thw-hv-gg.de\/index.php?rest_route=\/wp\/v2\/pages\/18","targetHints":{"allow":["GET"]}}],"collection":[{"href":"https:\/\/www.thw-hv-gg.de\/index.php?rest_route=\/wp\/v2\/pages"}],"about":[{"href":"https:\/\/www.thw-hv-gg.de\/index.php?rest_route=\/wp\/v2\/types\/page"}],"author":[{"embeddable":true,"href":"https:\/\/www.thw-hv-gg.de\/index.php?rest_route=\/wp\/v2\/users\/1"}],"replies":[{"embeddable":true,"href":"https:\/\/www.thw-hv-gg.de\/index.php?rest_route=%2Fwp%2Fv2%2Fcomments&post=18"}],"version-history":[{"count":32,"href":"https:\/\/www.thw-hv-gg.de\/index.php?rest_route=\/wp\/v2\/pages\/18\/revisions"}],"predecessor-version":[{"id":313,"href":"https:\/\/www.thw-hv-gg.de\/index.php?rest_route=\/wp\/v2\/pages\/18\/revisions\/313"}],"up":[{"embeddable":true,"href":"https:\/\/www.thw-hv-gg.de\/index.php?rest_route=\/wp\/v2\/pages\/13"}],"wp:attachment":[{"href":"https:\/\/www.thw-hv-gg.de\/index.php?rest_route=%2Fwp%2Fv2%2Fmedia&parent=18"}],"curies":[{"name":"wp","href":"https:\/\/api.w.org\/{rel}","templated":true}]}}